{"id":3694,"date":"2016-12-25T10:14:35","date_gmt":"2016-12-25T10:14:35","guid":{"rendered":"http:\/\/localhost\/rijekebih\/?page_id=3694"},"modified":"2017-09-03T16:18:11","modified_gmt":"2017-09-03T16:18:11","slug":"vijesti","status":"publish","type":"page","link":"https:\/\/rijekebih.org\/index.php\/vijesti\/","title":{"rendered":"O nama"},"content":{"rendered":"<p>[vc_row][vc_column][vc_column_text]<\/p>\n<p style=\"text-align: justify;\"><span id=\"cch_f113a560bc3d308\" class=\"_mh6 _wsc\"><span class=\"_3oh- _58nk\">Koalicija za za\u0161titu rijeka Bosne i Hercegovine osnovana je u junu 2016. godine od strane organizacija civilnog dru\u0161tva i pojedinaca ljubitelja prirode koji prate i preisputuju planove za izgradnju hidroelektrana i zala\u017eu se za razvoj turizma, tradicionalnih i komplementarnih djelatnosti koje mogu osigurati vi\u0161e raznovrsnih radnih mjesta i ostvariti ve\u0107i razvoj lokalnih zajednica. Pored organizacija koje se bave za\u0161titom \u017eivotne sredine, u Koaliciji su jako va\u017ene pojedinci i organizacije koje svojim radom pokazuju na koji na\u010din se rijeke mogu odr\u017eivo koristiti, sa minimalnim uticajem na prirodu i sa dobitima za lokalno stanovni\u0161tvo. Uloga Koalicije je da pru\u017ea podr\u0161ku lokalnom stanovni\u0161tvu da se na vrijeme uklju\u010di u dono\u0161enje odluka i donese stav o izgradnji hidroelektrana u Bosni i Hercegovini. Koalicija za za\u0161titu rijeka BiH koja trenutno okuplja preko 20 organizacija iz \u010ditave dr\u017eave i broj \u010dlanova i dalje raste. <\/span><\/span><\/p>\n<p style=\"text-align: justify;\"><span id=\"cch_f113a560bc3d308\" class=\"_mh6 _wsc\"><span class=\"_3oh- _58nk\">\u010clanice Koalicije su usvojile \u201eDeklaraciju o obustavljanju planova za izgradnju hidroelektrana i ekolo\u0161ko kori\u0161tenje rijeka BiH\u201c i u narednom periodu \u0107e djelovati prema institucijama, medijima, investitorima i javnosti, a fokus \u0107emo staviti na rijeke koje su trenutno najugro\u017eenije planovima za izgradnju hidroelektrana i one rijeke na kojima postoje lokalni \u010duvari koji \u017eele da za\u0161tite svoje rijeke od ove po\u0161asti.<\/span><\/span><\/p>\n<p>[\/vc_column_text][vc_empty_space][vc_empty_space][\/vc_column][\/vc_row]<\/p>\n","protected":false},"excerpt":{"rendered":"<p>[vc_row][vc_column][vc_column_text] Koalicija za za\u0161titu rijeka Bosne i Hercegovine osnovana je u junu 2016. godine od strane organizacija civilnog dru\u0161tva i pojedinaca ljubitelja prirode koji prate i preisputuju planove za izgradnju hidroelektrana i zala\u017eu se za razvoj turizma, tradicionalnih i komplementarnih&#8230;<\/p>\n","protected":false},"author":1,"featured_media":0,"parent":0,"menu_order":0,"comment_status":"closed","ping_status":"closed","template":"","meta":{"_mi_skip_tracking":false},"_links":{"self":[{"href":"https:\/\/rijekebih.org\/index.php\/wp-json\/wp\/v2\/pages\/3694"}],"collection":[{"href":"https:\/\/rijekebih.org\/index.php\/wp-json\/wp\/v2\/pages"}],"about":[{"href":"https:\/\/rijekebih.org\/index.php\/wp-json\/wp\/v2\/types\/page"}],"author":[{"embeddable":true,"href":"https:\/\/rijekebih.org\/index.php\/wp-json\/wp\/v2\/users\/1"}],"replies":[{"embeddable":true,"href":"https:\/\/rijekebih.org\/index.php\/wp-json\/wp\/v2\/comments?post=3694"}],"version-history":[{"count":6,"href":"https:\/\/rijekebih.org\/index.php\/wp-json\/wp\/v2\/pages\/3694\/revisions"}],"predecessor-version":[{"id":4005,"href":"https:\/\/rijekebih.org\/index.php\/wp-json\/wp\/v2\/pages\/3694\/revisions\/4005"}],"wp:attachment":[{"href":"https:\/\/rijekebih.org\/index.php\/wp-json\/wp\/v2\/media?parent=3694"}],"curies":[{"name":"wp","href":"https:\/\/api.w.org\/{rel}","templated":true}]}}