{"id":3692,"date":"2016-12-25T10:14:06","date_gmt":"2016-12-25T10:14:06","guid":{"rendered":"http:\/\/localhost\/rijekebih\/?page_id=3692"},"modified":"2017-09-03T16:20:34","modified_gmt":"2017-09-03T16:20:34","slug":"deklaracija","status":"publish","type":"page","link":"https:\/\/rijekebih.org\/index.php\/deklaracija\/","title":{"rendered":"Deklaracija"},"content":{"rendered":"<p>[vc_row][vc_column width=&#8221;2\/3&#8243;][vc_column_text]<\/p>\n<p style=\"text-align: justify;\"><strong>Uva\u017eavaju\u0107i<\/strong> <strong>principe o odr\u017eivom razvoju<\/strong> koji su proistekli sa Konferencije iz Rio de \u017deneira iz 1992. godine;<\/p>\n<p style=\"text-align: justify;\"><strong>Polaze\u0107i<\/strong> od toga da je <strong>Arhuska konvencija koju je BiH ratifikovala 2008. godine<\/strong> posebno istakla da su <strong>pravo na pristup informacijama i <\/strong>pravo na <strong>u\u010de\u0161\u0107e javnosti u dono\u0161enju odluka o \u017eivotnoj sredini\/okoli\u0161u, <\/strong>kao i<strong> pristup pravosu\u0111u <\/strong>vrlo va\u017eni elementi participatorne demokratije;<\/p>\n<p style=\"text-align: justify;\"><strong>Smatraju\u0107i<\/strong> da su ova <strong>prava<\/strong> dodatno <strong>potvr\u0111ena<\/strong> <strong>entitetskim zakonima <\/strong>u oblasti za\u0161tite \u017eivotne sredine\/okoli\u0161a i upravljanja vodama;<\/p>\n<p style=\"text-align: justify;\"><strong>Konstatuju\u0107i<\/strong> da su <strong>efekti klimatskih promjena<\/strong> evidentni na prostoru Bosne i Hercegovine, kao i da su <strong>vode<\/strong> me\u0111u najva\u017enijim <strong>prirodnim resursima BiH<\/strong>;<\/p>\n<p style=\"text-align: justify;\"><strong>Uo\u010div\u0161i<\/strong> da su <strong>entitetske\/kantonalne vlasti u BiH<\/strong> pod okriljem javnog interesa <strong>izdali <\/strong>preko <strong>3<\/strong><strong>00<\/strong><strong> koncesija<\/strong> za kori\u0161tenje vodnih resursa BiH u svrhu proizvodnje elektri\u010dne energije <strong>bez<\/strong> adekvatnog procesa <strong>u\u010de\u0161\u0107a javnosti<\/strong> u dono\u0161enju takvih odluka;<\/p>\n<p style=\"text-align: justify;\"><strong>Saglasni <\/strong>da <strong>rijeke<\/strong> i njihovi <strong>kanjoni<\/strong> predstavljaju zna\u010dajan <strong>resurs i potencijal<\/strong> za odr\u017eivi i odgovorni razvoj lokalnih zajednica;<\/p>\n<p style=\"text-align: justify;\"><strong>Smatraju\u0107i<\/strong> da <strong>odluke organa vlasti <\/strong>o na\u010dinu kori\u0161tenja vodnih resursa <strong>moraju biti u saglasnosti sa potrebama i voljom gra\u0111ana BiH<\/strong>;<\/p>\n<p style=\"text-align: justify;\"><strong>Konstatuju\u0107i<\/strong> da <strong>hidroenergetski projekti<\/strong> donose <strong>malu korist lokalnim zajednicama<\/strong> i <strong>velike \u0161tete po prirodu<\/strong>, Udru\u017eenja gra\u0111ana iz BiH okupljena oko ideje za\u0161tite voda i odgovornog upravljanja vodama donose sljede\u0107u:<\/p>\n<p style=\"text-align: left;\"><u>DEKLARACIJU O OBUSTAVLJANJU PLANOVA ZA IZGRADNJU HIDROELEKTRANA I EKOLO\u0160KO KORI\u0160TENJE RIJEKA BOSNE I HERCEGOVINE <\/u><\/p>\n<p style=\"text-align: justify;\">Rijeke u BiH su u velikom riziku da ostanu bez svojih najve\u0107ih vrijednosti, od kojih su najva\u017eniji kvalitet vode i bogatstvo biodiverziteta zbog planova za izgradnju velikog broja hidroelektrana na njima.<\/p>\n<p style=\"text-align: justify;\">Izgradnja novih hidroenergetskih objekata u BiH ne garantuje ve\u0107i doprinos energetskoj sigurnosti u BiH, zbog efekta klimatskih promjena i njihovih uticaja na re\u017eim voda, a male hidroelektrane daju izuzetno nizak doprinos energetskom bilansu u odnosa na razmjere \u0161teta nastalih kao posljedice njihove gradnje i upotrebe.<\/p>\n<p style=\"text-align: justify;\">Ovakvo planiranje iskori\u0161tavanja hidropotencijala BiH pod okriljem javnog interesa pogoduje pove\u0107anju korupcije i privatnih interesa, koji se naj\u010de\u0161\u0107e o\u010dituju kroz preprodaju koncesija tre\u0107im licima.<\/p>\n<p style=\"text-align: justify;\">Obnovljivim izvorima energije se smatraju solarna, vjetro, hidro i energija biomase, ali najve\u0107i dio subvencija koje vlasti u BiH obezbje\u0111uju investitorima se izdvajaju za hidroenergetske projekte.<\/p>\n<p style=\"text-align: justify;\">Hidroenergija se predstavlja kao \u010dista energija, ali izgradnja i kori\u0161tenje hidroelektrana dovodi do trajnog naru\u0161avanja \u017eivotne sredine\/okoli\u0161a, te uni\u0161tavanja ekosistema koji zavise od rijeka.<\/p>\n<p style=\"text-align: justify;\">Ove \u0161tete po \u017eivotnu sredinu\/okoli\u0161 pla\u0107aju potro\u0161a\u010di elektri\u010dne energije putem ra\u010duna za elektri\u010dnu energiju na kome se izdvajaju sredstva za nadoknadu za kori\u0161tenje obnovljivih izvora energije.<\/p>\n<p style=\"text-align: justify;\">Hidroenergetski projekti, osim \u0161to mogu dovesti do trajnih poreme\u0107aja i nesagledivih posljedica na prirodu, u pravilu ograni\u010davaju pristup vodi lokalnim zajednicama i uti\u010du na neravnopravnu raspodijelu kori\u0161tenja vode kao zajedni\u010dkog prirodnog resursa.<\/p>\n<p style=\"text-align: justify;\">BiH je jedna od posljednjih zemalja u Evropi koja ima kvalitetnu prirodnu vodu za pi\u0107e \u0161to se izgradnjom hidroelektrana drasti\u010dno mijenja i ugro\u017eava pravo na\u0161ih gra\u0111ana na \u010distu i zdravu vodu za pi\u0107e.<\/p>\n<p style=\"text-align: justify;\">Iako vlasti u BiH hidroenergetske projekte predstavljaju kao potencijal za otvaranje novih radnih mjesta, u praksi se to pokazalo neta\u010dnim, jer se na malim hidroelektranama zapo\u0161ljavaju jedna do tri osobe najvi\u0161e.<\/p>\n<p style=\"text-align: justify;\">Sportske aktivnosti, tradicionalne djelatnosti, turizam i vodosnabdijevanje su mali dio na\u010dina kori\u0161tenja vodnih resursa BiH koji mogu generisati vi\u0161e radnih mjesta i ostvariti ve\u0107i prihod lokalnim zajednicama.<\/p>\n<p style=\"text-align: justify;\">Razvoj turizma, tradicionalnih i komplementarnih djelatnosti uz na\u0161e rijeke mo\u017ee generisati vi\u0161e raznovrsnih radnih mjesta i ostvariti ve\u0107i razvoj lokalnih zajednica, nego \u0161to bi to realno bilo mogu\u0107e kroz razvoj hidroenergetskih projekata.<\/p>\n<p style=\"text-align: justify;\"><em>Deklaracija o obustavljanju planova za izgradnju hidroelektrana i ekolo\u0161ko kori\u0161tenje rijeka Bosne i Hercegovine<\/em> je donesena dana 28.06.2016. godine, a potpisnice svojim pe\u010datom i potpisom potvr\u0111uju svoju opredjeljenost i saglasnost.<\/p>\n<p>[\/vc_column_text][vc_empty_space][vc_empty_space][\/vc_column][vc_column width=&#8221;1\/3&#8243;][\/vc_column][\/vc_row]<\/p>\n","protected":false},"excerpt":{"rendered":"<p>[vc_row][vc_column width=&#8221;2\/3&#8243;][vc_column_text] Uva\u017eavaju\u0107i principe o odr\u017eivom razvoju koji su proistekli sa Konferencije iz Rio de \u017deneira iz 1992. godine; Polaze\u0107i od toga da je Arhuska konvencija koju je BiH ratifikovala 2008. godine posebno istakla da su pravo na pristup informacijama&#8230;<\/p>\n","protected":false},"author":1,"featured_media":0,"parent":0,"menu_order":0,"comment_status":"closed","ping_status":"closed","template":"","meta":{"_mi_skip_tracking":false},"_links":{"self":[{"href":"https:\/\/rijekebih.org\/index.php\/wp-json\/wp\/v2\/pages\/3692"}],"collection":[{"href":"https:\/\/rijekebih.org\/index.php\/wp-json\/wp\/v2\/pages"}],"about":[{"href":"https:\/\/rijekebih.org\/index.php\/wp-json\/wp\/v2\/types\/page"}],"author":[{"embeddable":true,"href":"https:\/\/rijekebih.org\/index.php\/wp-json\/wp\/v2\/users\/1"}],"replies":[{"embeddable":true,"href":"https:\/\/rijekebih.org\/index.php\/wp-json\/wp\/v2\/comments?post=3692"}],"version-history":[{"count":12,"href":"https:\/\/rijekebih.org\/index.php\/wp-json\/wp\/v2\/pages\/3692\/revisions"}],"predecessor-version":[{"id":4006,"href":"https:\/\/rijekebih.org\/index.php\/wp-json\/wp\/v2\/pages\/3692\/revisions\/4006"}],"wp:attachment":[{"href":"https:\/\/rijekebih.org\/index.php\/wp-json\/wp\/v2\/media?parent=3692"}],"curies":[{"name":"wp","href":"https:\/\/api.w.org\/{rel}","templated":true}]}}